{"id":64,"date":"2024-12-08T23:54:23","date_gmt":"2024-12-09T02:54:23","guid":{"rendered":"https:\/\/elclubdelosquesos.com\/tienda\/product\/ahumado-de-pria\/"},"modified":"2025-10-02T11:17:48","modified_gmt":"2025-10-02T14:17:48","slug":"ahumado-de-pria","status":"publish","type":"product","link":"https:\/\/elclubdelosquesos.com\/tienda\/product\/ahumado-de-pria\/","title":{"rendered":"Ahumado de Pria"},"content":{"rendered":"","protected":false},"excerpt":{"rendered":"<p>Ahumado de Pr\u00eda<\/p>\n<p>Queso tierno pero compacto, elaborado a partir de leche pasteurizada de vaca. Inspirado en el queso de Pr\u00eda de Llanes, Asturias, Espa\u00f1a. El interior es ciego y algo el\u00e1stico, de color beige pardo y la corteza es de color caldera oscuro debido al ahumado, puede presentar enmohecimiento natural. El sabor es algo dulce con toques acaramelados, con un ahumado agradable y sostenido. Debido a su textura blanda, el\u00e1stica y fundente, se puede utilizar para gratinar o como relleno de pescados azules (sardinas, bonitos, caballas, etc.). Maridaje: Sidra.<\/p>\n","protected":false},"featured_media":211,"template":"","meta":{"_et_pb_use_builder":"","_et_pb_old_content":"","_et_gb_content_width":""},"product_brand":[],"product_cat":[18],"product_tag":[],"class_list":{"0":"post-64","1":"product","2":"type-product","3":"status-publish","4":"has-post-thumbnail","6":"product_cat-quesos","8":"first","9":"outofstock","10":"shipping-taxable","11":"purchasable","12":"product-type-simple"},"_links":{"self":[{"href":"https:\/\/elclubdelosquesos.com\/tienda\/wp-json\/wp\/v2\/product\/64","targetHints":{"allow":["GET"]}}],"collection":[{"href":"https:\/\/elclubdelosquesos.com\/tienda\/wp-json\/wp\/v2\/product"}],"about":[{"href":"https:\/\/elclubdelosquesos.com\/tienda\/wp-json\/wp\/v2\/types\/product"}],"wp:featuredmedia":[{"embeddable":true,"href":"https:\/\/elclubdelosquesos.com\/tienda\/wp-json\/wp\/v2\/media\/211"}],"wp:attachment":[{"href":"https:\/\/elclubdelosquesos.com\/tienda\/wp-json\/wp\/v2\/media?parent=64"}],"wp:term":[{"taxonomy":"product_brand","embeddable":true,"href":"https:\/\/elclubdelosquesos.com\/tienda\/wp-json\/wp\/v2\/product_brand?post=64"},{"taxonomy":"product_cat","embeddable":true,"href":"https:\/\/elclubdelosquesos.com\/tienda\/wp-json\/wp\/v2\/product_cat?post=64"},{"taxonomy":"product_tag","embeddable":true,"href":"https:\/\/elclubdelosquesos.com\/tienda\/wp-json\/wp\/v2\/product_tag?post=64"}],"curies":[{"name":"wp","href":"https:\/\/api.w.org\/{rel}","templated":true}]}}