{"id":65,"date":"2024-12-08T23:54:23","date_gmt":"2024-12-09T02:54:23","guid":{"rendered":"https:\/\/elclubdelosquesos.com\/tienda\/product\/basiron-rosa\/"},"modified":"2025-02-13T14:08:50","modified_gmt":"2025-02-13T17:08:50","slug":"basiron-rosa","status":"publish","type":"product","link":"https:\/\/elclubdelosquesos.com\/tienda\/product\/basiron-rosa\/","title":{"rendered":"Basir\u00f3n Rosa"},"content":{"rendered":"","protected":false},"excerpt":{"rendered":"<p>Basir\u00f3n rosa: de pasta semidura, con extracto de remolacha que le da su color rosado. Tiene aj\u00ed molido y hierbas en la pasta que potencian su sabro. Es ideal para presentar en tablas de quesos por su atractivo color y su sabor pleno y agradable. Maridaje: Cabernet Franc, Sauvignon Blanc.<\/p>\n","protected":false},"featured_media":212,"template":"","meta":{"_et_pb_use_builder":"","_et_pb_old_content":"","_et_gb_content_width":""},"product_brand":[],"product_cat":[18],"product_tag":[],"class_list":{"0":"post-65","1":"product","2":"type-product","3":"status-publish","4":"has-post-thumbnail","6":"product_cat-quesos","8":"first","9":"outofstock","10":"shipping-taxable","11":"purchasable","12":"product-type-simple"},"_links":{"self":[{"href":"https:\/\/elclubdelosquesos.com\/tienda\/wp-json\/wp\/v2\/product\/65","targetHints":{"allow":["GET"]}}],"collection":[{"href":"https:\/\/elclubdelosquesos.com\/tienda\/wp-json\/wp\/v2\/product"}],"about":[{"href":"https:\/\/elclubdelosquesos.com\/tienda\/wp-json\/wp\/v2\/types\/product"}],"wp:featuredmedia":[{"embeddable":true,"href":"https:\/\/elclubdelosquesos.com\/tienda\/wp-json\/wp\/v2\/media\/212"}],"wp:attachment":[{"href":"https:\/\/elclubdelosquesos.com\/tienda\/wp-json\/wp\/v2\/media?parent=65"}],"wp:term":[{"taxonomy":"product_brand","embeddable":true,"href":"https:\/\/elclubdelosquesos.com\/tienda\/wp-json\/wp\/v2\/product_brand?post=65"},{"taxonomy":"product_cat","embeddable":true,"href":"https:\/\/elclubdelosquesos.com\/tienda\/wp-json\/wp\/v2\/product_cat?post=65"},{"taxonomy":"product_tag","embeddable":true,"href":"https:\/\/elclubdelosquesos.com\/tienda\/wp-json\/wp\/v2\/product_tag?post=65"}],"curies":[{"name":"wp","href":"https:\/\/api.w.org\/{rel}","templated":true}]}}