{"id":67,"date":"2024-12-08T23:54:23","date_gmt":"2024-12-09T02:54:23","guid":{"rendered":"https:\/\/elclubdelosquesos.com\/tienda\/product\/cheddar-ingles\/"},"modified":"2025-02-13T14:08:50","modified_gmt":"2025-02-13T17:08:50","slug":"cheddar-ingles","status":"publish","type":"product","link":"https:\/\/elclubdelosquesos.com\/tienda\/product\/cheddar-ingles\/","title":{"rendered":"Cheddar Ingles"},"content":{"rendered":"","protected":false},"excerpt":{"rendered":"<p>De pasta dura y anaranjada, por el agregado de anatto, elaborado con el m\u00e9todo t\u00edpico ingl\u00e9s, cubierto con tela y curado por mas de 10 meses. De sabor muy agradable, aromas a nueces, y larga persistencia en el paladar. Su consistencia es dura. Es ideal para compartir con los paladares m\u00e1s exigentes. Maridaje: whisky single malt, cervezas, vinos tintos con cuerpo.<\/p>\n","protected":false},"featured_media":213,"template":"","meta":{"_et_pb_use_builder":"","_et_pb_old_content":"","_et_gb_content_width":""},"product_brand":[],"product_cat":[18],"product_tag":[],"class_list":{"0":"post-67","1":"product","2":"type-product","3":"status-publish","4":"has-post-thumbnail","6":"product_cat-quesos","8":"first","9":"outofstock","10":"shipping-taxable","11":"purchasable","12":"product-type-simple"},"_links":{"self":[{"href":"https:\/\/elclubdelosquesos.com\/tienda\/wp-json\/wp\/v2\/product\/67","targetHints":{"allow":["GET"]}}],"collection":[{"href":"https:\/\/elclubdelosquesos.com\/tienda\/wp-json\/wp\/v2\/product"}],"about":[{"href":"https:\/\/elclubdelosquesos.com\/tienda\/wp-json\/wp\/v2\/types\/product"}],"wp:featuredmedia":[{"embeddable":true,"href":"https:\/\/elclubdelosquesos.com\/tienda\/wp-json\/wp\/v2\/media\/213"}],"wp:attachment":[{"href":"https:\/\/elclubdelosquesos.com\/tienda\/wp-json\/wp\/v2\/media?parent=67"}],"wp:term":[{"taxonomy":"product_brand","embeddable":true,"href":"https:\/\/elclubdelosquesos.com\/tienda\/wp-json\/wp\/v2\/product_brand?post=67"},{"taxonomy":"product_cat","embeddable":true,"href":"https:\/\/elclubdelosquesos.com\/tienda\/wp-json\/wp\/v2\/product_cat?post=67"},{"taxonomy":"product_tag","embeddable":true,"href":"https:\/\/elclubdelosquesos.com\/tienda\/wp-json\/wp\/v2\/product_tag?post=67"}],"curies":[{"name":"wp","href":"https:\/\/api.w.org\/{rel}","templated":true}]}}