{"id":69,"date":"2024-12-08T23:54:23","date_gmt":"2024-12-09T02:54:23","guid":{"rendered":"https:\/\/elclubdelosquesos.com\/tienda\/product\/cuartirolo-porteno\/"},"modified":"2025-02-13T14:08:50","modified_gmt":"2025-02-13T17:08:50","slug":"cuartirolo-porteno","status":"publish","type":"product","link":"https:\/\/elclubdelosquesos.com\/tienda\/product\/cuartirolo-porteno\/","title":{"rendered":"Cuartirolo Porte\u00f1o"},"content":{"rendered":"","protected":false},"excerpt":{"rendered":"<p>Es el cl\u00e1sico reversionado del Cuartirolo que compr\u00e1bamos suelto en el almac\u00e9n, cubierto de f\u00e9cula. Esta versi\u00f3n elaborada por El Abascay, en Brandsen, Argentina fue galardonada con el PREMIO SUPER ORO en el \u00faltimo MUNDIAL DE BRASIL 2024. Incluye crema de leche en su elaboraci\u00f3n lo que aporta aroma y sabor a crema fresca y notas de campo. Recomendamos consumirlo dentro de los primeros d\u00edas de recibido para apreciar mejor su sabor y cualidades frescas. Al madurar toma acidez y se vuelve m\u00e1s firme. Recomendamos consumirlo s\u00f3lo o acompa\u00f1ado de dulces. Es ideal para disfrutar durante todo el d\u00eda y es muy apreciado por los m\u00e1s peque\u00f1os. Maridaje: vinos Riesling o Chardonnay o infusiones calientes como t\u00e9 o caf\u00e9.<\/p>\n","protected":false},"featured_media":215,"template":"","meta":{"_et_pb_use_builder":"","_et_pb_old_content":"","_et_gb_content_width":""},"product_brand":[],"product_cat":[18],"product_tag":[],"class_list":{"0":"post-69","1":"product","2":"type-product","3":"status-publish","4":"has-post-thumbnail","6":"product_cat-quesos","8":"first","9":"outofstock","10":"shipping-taxable","11":"purchasable","12":"product-type-simple"},"_links":{"self":[{"href":"https:\/\/elclubdelosquesos.com\/tienda\/wp-json\/wp\/v2\/product\/69","targetHints":{"allow":["GET"]}}],"collection":[{"href":"https:\/\/elclubdelosquesos.com\/tienda\/wp-json\/wp\/v2\/product"}],"about":[{"href":"https:\/\/elclubdelosquesos.com\/tienda\/wp-json\/wp\/v2\/types\/product"}],"wp:featuredmedia":[{"embeddable":true,"href":"https:\/\/elclubdelosquesos.com\/tienda\/wp-json\/wp\/v2\/media\/215"}],"wp:attachment":[{"href":"https:\/\/elclubdelosquesos.com\/tienda\/wp-json\/wp\/v2\/media?parent=69"}],"wp:term":[{"taxonomy":"product_brand","embeddable":true,"href":"https:\/\/elclubdelosquesos.com\/tienda\/wp-json\/wp\/v2\/product_brand?post=69"},{"taxonomy":"product_cat","embeddable":true,"href":"https:\/\/elclubdelosquesos.com\/tienda\/wp-json\/wp\/v2\/product_cat?post=69"},{"taxonomy":"product_tag","embeddable":true,"href":"https:\/\/elclubdelosquesos.com\/tienda\/wp-json\/wp\/v2\/product_tag?post=69"}],"curies":[{"name":"wp","href":"https:\/\/api.w.org\/{rel}","templated":true}]}}