{"id":78,"date":"2024-12-08T23:54:24","date_gmt":"2024-12-09T02:54:24","guid":{"rendered":"https:\/\/elclubdelosquesos.com\/tienda\/product\/moro\/"},"modified":"2025-02-13T14:08:50","modified_gmt":"2025-02-13T17:08:50","slug":"moro","status":"publish","type":"product","link":"https:\/\/elclubdelosquesos.com\/tienda\/product\/moro\/","title":{"rendered":"Moro"},"content":{"rendered":"","protected":false},"excerpt":{"rendered":"<p>Moro: Es la versi\u00f3n del Morbier elaborado por nuestra queser\u00eda amiga El Abascay. La raya negra del centro es de cenizas carb\u00f3n vegetal, es comestible, es bien definida y continua sobre toda la porci\u00f3n. La pasta, de color amarillo p\u00e1lido, puede tener algunos agujeros de tama\u00f1o modesto. Es un queso con aromas francos, afrutado e incluso de vainilla y caramelizado si su maduraci\u00f3n es prolongada. Se puede consumir solo en una tabla de quesos o caliente en raclette acompa\u00f1ado de papas al natural. Maridaje: vino tinto ligero y afrutado, puede ser Borgo\u00f1a.<\/p>\n","protected":false},"featured_media":223,"template":"","meta":{"_et_pb_use_builder":"","_et_pb_old_content":"","_et_gb_content_width":""},"product_brand":[],"product_cat":[18],"product_tag":[],"class_list":{"0":"post-78","1":"product","2":"type-product","3":"status-publish","4":"has-post-thumbnail","6":"product_cat-quesos","8":"first","9":"outofstock","10":"shipping-taxable","11":"purchasable","12":"product-type-simple"},"_links":{"self":[{"href":"https:\/\/elclubdelosquesos.com\/tienda\/wp-json\/wp\/v2\/product\/78","targetHints":{"allow":["GET"]}}],"collection":[{"href":"https:\/\/elclubdelosquesos.com\/tienda\/wp-json\/wp\/v2\/product"}],"about":[{"href":"https:\/\/elclubdelosquesos.com\/tienda\/wp-json\/wp\/v2\/types\/product"}],"wp:featuredmedia":[{"embeddable":true,"href":"https:\/\/elclubdelosquesos.com\/tienda\/wp-json\/wp\/v2\/media\/223"}],"wp:attachment":[{"href":"https:\/\/elclubdelosquesos.com\/tienda\/wp-json\/wp\/v2\/media?parent=78"}],"wp:term":[{"taxonomy":"product_brand","embeddable":true,"href":"https:\/\/elclubdelosquesos.com\/tienda\/wp-json\/wp\/v2\/product_brand?post=78"},{"taxonomy":"product_cat","embeddable":true,"href":"https:\/\/elclubdelosquesos.com\/tienda\/wp-json\/wp\/v2\/product_cat?post=78"},{"taxonomy":"product_tag","embeddable":true,"href":"https:\/\/elclubdelosquesos.com\/tienda\/wp-json\/wp\/v2\/product_tag?post=78"}],"curies":[{"name":"wp","href":"https:\/\/api.w.org\/{rel}","templated":true}]}}