{"id":79,"date":"2024-12-08T23:54:24","date_gmt":"2024-12-09T02:54:24","guid":{"rendered":"https:\/\/elclubdelosquesos.com\/tienda\/product\/queso-feta\/"},"modified":"2025-02-13T14:08:50","modified_gmt":"2025-02-13T17:08:50","slug":"queso-feta","status":"publish","type":"product","link":"https:\/\/elclubdelosquesos.com\/tienda\/product\/queso-feta\/","title":{"rendered":"Queso Feta"},"content":{"rendered":"","protected":false},"excerpt":{"rendered":"<p>FETA<\/p>\n<p>Respetando la antigua receta y tradici\u00f3n griega, se sumerge en salmuera para su curado evitando la deshidrataci\u00f3n del queso. Esta variedad es elaborada en Lincoln, Buenos Aires, por Quesos Juan Grande, que realizan con pasi\u00f3n, compromiso y la misma dedicaci\u00f3n que nosotros cada horma, con procesos artesanales. Logran Un queso Feta t\u00edpico, fresco, ligeramente \u00e1cido, intenso al madurar y algo salado. Su pasta blanca, sabor y texturas \u00fanicas son ideales para utilizar en preparaciones: en ensaladas, salsas y pastas. Recomendamos consumir dentro de los primeros d\u00edas de recibido y mantenerlo refrigerado entre 2 y 8 \u00baC. Maridaje: vino rosado frutal y c\u00edtrico.<\/p>\n","protected":false},"featured_media":224,"template":"","meta":{"_et_pb_use_builder":"","_et_pb_old_content":"","_et_gb_content_width":""},"product_brand":[],"product_cat":[18],"product_tag":[],"class_list":{"0":"post-79","1":"product","2":"type-product","3":"status-publish","4":"has-post-thumbnail","6":"product_cat-quesos","8":"first","9":"outofstock","10":"shipping-taxable","11":"purchasable","12":"product-type-simple"},"_links":{"self":[{"href":"https:\/\/elclubdelosquesos.com\/tienda\/wp-json\/wp\/v2\/product\/79","targetHints":{"allow":["GET"]}}],"collection":[{"href":"https:\/\/elclubdelosquesos.com\/tienda\/wp-json\/wp\/v2\/product"}],"about":[{"href":"https:\/\/elclubdelosquesos.com\/tienda\/wp-json\/wp\/v2\/types\/product"}],"wp:featuredmedia":[{"embeddable":true,"href":"https:\/\/elclubdelosquesos.com\/tienda\/wp-json\/wp\/v2\/media\/224"}],"wp:attachment":[{"href":"https:\/\/elclubdelosquesos.com\/tienda\/wp-json\/wp\/v2\/media?parent=79"}],"wp:term":[{"taxonomy":"product_brand","embeddable":true,"href":"https:\/\/elclubdelosquesos.com\/tienda\/wp-json\/wp\/v2\/product_brand?post=79"},{"taxonomy":"product_cat","embeddable":true,"href":"https:\/\/elclubdelosquesos.com\/tienda\/wp-json\/wp\/v2\/product_cat?post=79"},{"taxonomy":"product_tag","embeddable":true,"href":"https:\/\/elclubdelosquesos.com\/tienda\/wp-json\/wp\/v2\/product_tag?post=79"}],"curies":[{"name":"wp","href":"https:\/\/api.w.org\/{rel}","templated":true}]}}