{"id":81,"date":"2024-12-08T23:54:24","date_gmt":"2024-12-09T02:54:24","guid":{"rendered":"https:\/\/elclubdelosquesos.com\/tienda\/product\/sardo\/"},"modified":"2025-02-13T14:08:51","modified_gmt":"2025-02-13T17:08:51","slug":"sardo","status":"publish","type":"product","link":"https:\/\/elclubdelosquesos.com\/tienda\/product\/sardo\/","title":{"rendered":"Sardo"},"content":{"rendered":"","protected":false},"excerpt":{"rendered":"<p>Introducido por inmigrantes europeos, el Pecorino Sardo proveniente de Cerde\u00f1a, Italia, encontr\u00f3 su expresi\u00f3n argentina elaborado con leche de vaca y hoy es uno de los quesos de pasta dura m\u00e1s populares de nuestro pa\u00eds. Este Sardo de leche org\u00e1nica elaborado artesanalmente por El Abascay en Brandsen, tiene un curado de 6 meses y logra enaltecer tus tablas de quesos y potenciar los sabores de tus comidas preferidas. Lo pod\u00e9s dusfrutar s\u00f3lo, rociado con un buen aceto bals\u00e1mico, o con aceite de oliva y pimienta negra quebrada. Maridaje: Vino tinto a\u00f1ejo o Cerveza tipo Stout.<\/p>\n","protected":false},"featured_media":226,"template":"","meta":{"_et_pb_use_builder":"","_et_pb_old_content":"","_et_gb_content_width":""},"product_brand":[],"product_cat":[18],"product_tag":[],"class_list":{"0":"post-81","1":"product","2":"type-product","3":"status-publish","4":"has-post-thumbnail","6":"product_cat-quesos","8":"first","9":"outofstock","10":"shipping-taxable","11":"purchasable","12":"product-type-simple"},"_links":{"self":[{"href":"https:\/\/elclubdelosquesos.com\/tienda\/wp-json\/wp\/v2\/product\/81","targetHints":{"allow":["GET"]}}],"collection":[{"href":"https:\/\/elclubdelosquesos.com\/tienda\/wp-json\/wp\/v2\/product"}],"about":[{"href":"https:\/\/elclubdelosquesos.com\/tienda\/wp-json\/wp\/v2\/types\/product"}],"wp:featuredmedia":[{"embeddable":true,"href":"https:\/\/elclubdelosquesos.com\/tienda\/wp-json\/wp\/v2\/media\/226"}],"wp:attachment":[{"href":"https:\/\/elclubdelosquesos.com\/tienda\/wp-json\/wp\/v2\/media?parent=81"}],"wp:term":[{"taxonomy":"product_brand","embeddable":true,"href":"https:\/\/elclubdelosquesos.com\/tienda\/wp-json\/wp\/v2\/product_brand?post=81"},{"taxonomy":"product_cat","embeddable":true,"href":"https:\/\/elclubdelosquesos.com\/tienda\/wp-json\/wp\/v2\/product_cat?post=81"},{"taxonomy":"product_tag","embeddable":true,"href":"https:\/\/elclubdelosquesos.com\/tienda\/wp-json\/wp\/v2\/product_tag?post=81"}],"curies":[{"name":"wp","href":"https:\/\/api.w.org\/{rel}","templated":true}]}}