{"id":82,"date":"2024-12-08T23:54:24","date_gmt":"2024-12-09T02:54:24","guid":{"rendered":"https:\/\/elclubdelosquesos.com\/tienda\/product\/toma-provenzal\/"},"modified":"2025-02-13T14:08:51","modified_gmt":"2025-02-13T17:08:51","slug":"toma-provenzal","status":"publish","type":"product","link":"https:\/\/elclubdelosquesos.com\/tienda\/product\/toma-provenzal\/","title":{"rendered":"Tomma Provenzal"},"content":{"rendered":"","protected":false},"excerpt":{"rendered":"<p>Tomma Provenzal<\/p>\n<p>Queso semi-duro de receta italiana, elaborado con leche pasteurizada de vaca, tradicional del Valle de Aosta y las regiones del Piamonte, y muy relacionado con el Tomme franc\u00e9s. Ofrece al paladar una pasta con algunos ojos, suave con un sabor delicado, con toques de leche fresca reci\u00e9n orde\u00f1ada que se ve intensificado con el agregado de ajo y perejil. Al corte el queso libera un perfume intenso con recuerdos a musgo, hongos, y leves notas de campo. Dependiendo del grado de maduraci\u00f3n, adquiere mayor sabor y firmeza, conservando intacta su especificidad. Puede disfrutarse con pan, ensalada, alcauciles o champi\u00f1ones. Maridaje: cuando est\u00e1 fresco se combina con vino blanco seco con una buena estructura, En cuanto madura con vinos tintos de poco cuerpo.<\/p>\n","protected":false},"featured_media":227,"template":"","meta":{"_et_pb_use_builder":"","_et_pb_old_content":"","_et_gb_content_width":""},"product_brand":[],"product_cat":[18],"product_tag":[],"class_list":{"0":"post-82","1":"product","2":"type-product","3":"status-publish","4":"has-post-thumbnail","6":"product_cat-quesos","8":"first","9":"outofstock","10":"shipping-taxable","11":"purchasable","12":"product-type-simple"},"_links":{"self":[{"href":"https:\/\/elclubdelosquesos.com\/tienda\/wp-json\/wp\/v2\/product\/82","targetHints":{"allow":["GET"]}}],"collection":[{"href":"https:\/\/elclubdelosquesos.com\/tienda\/wp-json\/wp\/v2\/product"}],"about":[{"href":"https:\/\/elclubdelosquesos.com\/tienda\/wp-json\/wp\/v2\/types\/product"}],"wp:featuredmedia":[{"embeddable":true,"href":"https:\/\/elclubdelosquesos.com\/tienda\/wp-json\/wp\/v2\/media\/227"}],"wp:attachment":[{"href":"https:\/\/elclubdelosquesos.com\/tienda\/wp-json\/wp\/v2\/media?parent=82"}],"wp:term":[{"taxonomy":"product_brand","embeddable":true,"href":"https:\/\/elclubdelosquesos.com\/tienda\/wp-json\/wp\/v2\/product_brand?post=82"},{"taxonomy":"product_cat","embeddable":true,"href":"https:\/\/elclubdelosquesos.com\/tienda\/wp-json\/wp\/v2\/product_cat?post=82"},{"taxonomy":"product_tag","embeddable":true,"href":"https:\/\/elclubdelosquesos.com\/tienda\/wp-json\/wp\/v2\/product_tag?post=82"}],"curies":[{"name":"wp","href":"https:\/\/api.w.org\/{rel}","templated":true}]}}