{"id":85,"date":"2024-12-08T23:54:24","date_gmt":"2024-12-09T02:54:24","guid":{"rendered":"https:\/\/elclubdelosquesos.com\/tienda\/product\/abriendo-caminos-red-blend\/"},"modified":"2025-02-13T14:08:51","modified_gmt":"2025-02-13T17:08:51","slug":"abriendo-caminos-red-blend","status":"publish","type":"product","link":"https:\/\/elclubdelosquesos.com\/tienda\/product\/abriendo-caminos-red-blend\/","title":{"rendered":"Abriendo Caminos Red Blend"},"content":{"rendered":"","protected":false},"excerpt":{"rendered":"<p>Vino importado de Mencia, Espa\u00f1a. Refleja la identidad \u00fanica de este lugar. En\u00f3logo: Mauricio Lorca. Es un vino ligero, con un sabor singularmente afrutado, notas de frutas rojas como ciruela, frambuesa, frutilla y cereza.<\/p>\n","protected":false},"featured_media":198,"template":"","meta":{"_et_pb_use_builder":"","_et_pb_old_content":"","_et_gb_content_width":""},"product_brand":[],"product_cat":[19],"product_tag":[],"class_list":{"0":"post-85","1":"product","2":"type-product","3":"status-publish","4":"has-post-thumbnail","6":"product_cat-vino","8":"first","9":"outofstock","10":"shipping-taxable","11":"purchasable","12":"product-type-simple"},"_links":{"self":[{"href":"https:\/\/elclubdelosquesos.com\/tienda\/wp-json\/wp\/v2\/product\/85","targetHints":{"allow":["GET"]}}],"collection":[{"href":"https:\/\/elclubdelosquesos.com\/tienda\/wp-json\/wp\/v2\/product"}],"about":[{"href":"https:\/\/elclubdelosquesos.com\/tienda\/wp-json\/wp\/v2\/types\/product"}],"wp:featuredmedia":[{"embeddable":true,"href":"https:\/\/elclubdelosquesos.com\/tienda\/wp-json\/wp\/v2\/media\/198"}],"wp:attachment":[{"href":"https:\/\/elclubdelosquesos.com\/tienda\/wp-json\/wp\/v2\/media?parent=85"}],"wp:term":[{"taxonomy":"product_brand","embeddable":true,"href":"https:\/\/elclubdelosquesos.com\/tienda\/wp-json\/wp\/v2\/product_brand?post=85"},{"taxonomy":"product_cat","embeddable":true,"href":"https:\/\/elclubdelosquesos.com\/tienda\/wp-json\/wp\/v2\/product_cat?post=85"},{"taxonomy":"product_tag","embeddable":true,"href":"https:\/\/elclubdelosquesos.com\/tienda\/wp-json\/wp\/v2\/product_tag?post=85"}],"curies":[{"name":"wp","href":"https:\/\/api.w.org\/{rel}","templated":true}]}}