{"id":95,"date":"2024-12-08T23:54:25","date_gmt":"2024-12-09T02:54:25","guid":{"rendered":"https:\/\/elclubdelosquesos.com\/tienda\/product\/tordos-microvinificacion\/"},"modified":"2025-02-13T14:08:52","modified_gmt":"2025-02-13T17:08:52","slug":"tordos-microvinificacion","status":"publish","type":"product","link":"https:\/\/elclubdelosquesos.com\/tienda\/product\/tordos-microvinificacion\/","title":{"rendered":"Tordos Microvinificaci\u00f3n"},"content":{"rendered":"","protected":false},"excerpt":{"rendered":"<p>Cabernet Sauvignon 2021. Microvinificaci\u00f3n 100 % Tolomb\u00f3n, valle Calchaqu\u00ed. Encapsula la esencia del terroir. De cr\u00e1cter distintivo, complejo y equilibrado. Revela un perfil arom\u00e1tico profundo y epresivo con notas de frutas maduras, especias y un toque sutil de casis. De estcructura s\u00f3lida y textura envovlente. Final largo con un toque especiado que evoca a la regi\u00f3n de Tolomb\u00f3n.<\/p>\n","protected":false},"featured_media":210,"template":"","meta":{"_et_pb_use_builder":"","_et_pb_old_content":"","_et_gb_content_width":""},"product_brand":[],"product_cat":[19],"product_tag":[],"class_list":{"0":"post-95","1":"product","2":"type-product","3":"status-publish","4":"has-post-thumbnail","6":"product_cat-vino","8":"first","9":"instock","10":"shipping-taxable","11":"purchasable","12":"product-type-simple"},"_links":{"self":[{"href":"https:\/\/elclubdelosquesos.com\/tienda\/wp-json\/wp\/v2\/product\/95","targetHints":{"allow":["GET"]}}],"collection":[{"href":"https:\/\/elclubdelosquesos.com\/tienda\/wp-json\/wp\/v2\/product"}],"about":[{"href":"https:\/\/elclubdelosquesos.com\/tienda\/wp-json\/wp\/v2\/types\/product"}],"wp:featuredmedia":[{"embeddable":true,"href":"https:\/\/elclubdelosquesos.com\/tienda\/wp-json\/wp\/v2\/media\/210"}],"wp:attachment":[{"href":"https:\/\/elclubdelosquesos.com\/tienda\/wp-json\/wp\/v2\/media?parent=95"}],"wp:term":[{"taxonomy":"product_brand","embeddable":true,"href":"https:\/\/elclubdelosquesos.com\/tienda\/wp-json\/wp\/v2\/product_brand?post=95"},{"taxonomy":"product_cat","embeddable":true,"href":"https:\/\/elclubdelosquesos.com\/tienda\/wp-json\/wp\/v2\/product_cat?post=95"},{"taxonomy":"product_tag","embeddable":true,"href":"https:\/\/elclubdelosquesos.com\/tienda\/wp-json\/wp\/v2\/product_tag?post=95"}],"curies":[{"name":"wp","href":"https:\/\/api.w.org\/{rel}","templated":true}]}}